{"id":29,"date":"2021-07-25T11:32:37","date_gmt":"2021-07-25T11:32:37","guid":{"rendered":"https:\/\/valyon.ch\/?post_type=product&#038;p=29"},"modified":"2026-02-16T06:33:39","modified_gmt":"2026-02-16T04:33:39","slug":"imbus-halter","status":"publish","type":"product","link":"https:\/\/valyon.ch\/index.php\/product\/imbus-halter\/","title":{"rendered":"Imbus Halter"},"content":{"rendered":"<p>Imbus Halter<\/p>\n<p>Hat 3 L\u00f6cher an der R\u00fcckseite um ihn an einer K\u00fcpperwand zu befestigen.<\/p>\n<p>Kann gut mit Montageklebeband befestigt werden.<\/p>\n","protected":false},"excerpt":{"rendered":"<p>Imbus Halter Hat 3 L\u00f6cher an der R\u00fcckseite um ihn an einer K\u00fcpperwand zu befestigen. Kann gut mit Montageklebeband befestigt werden.<\/p>\n","protected":false},"featured_media":38,"comment_status":"open","ping_status":"closed","template":"","meta":[],"product_cat":[15],"product_tag":[],"class_list":["post-29","product","type-product","status-publish","has-post-thumbnail","hentry","product_cat-uncategorized","thunk-woo-product-list","opn-qv-enable","big-store-woo-hover-","open-single-product-tab-horizontal","open-shadow-","open-shadow-hover-"],"_links":{"self":[{"href":"https:\/\/valyon.ch\/index.php\/wp-json\/wp\/v2\/product\/29","targetHints":{"allow":["GET"]}}],"collection":[{"href":"https:\/\/valyon.ch\/index.php\/wp-json\/wp\/v2\/product"}],"about":[{"href":"https:\/\/valyon.ch\/index.php\/wp-json\/wp\/v2\/types\/product"}],"replies":[{"embeddable":true,"href":"https:\/\/valyon.ch\/index.php\/wp-json\/wp\/v2\/comments?post=29"}],"wp:featuredmedia":[{"embeddable":true,"href":"https:\/\/valyon.ch\/index.php\/wp-json\/wp\/v2\/media\/38"}],"wp:attachment":[{"href":"https:\/\/valyon.ch\/index.php\/wp-json\/wp\/v2\/media?parent=29"}],"wp:term":[{"taxonomy":"product_cat","embeddable":true,"href":"https:\/\/valyon.ch\/index.php\/wp-json\/wp\/v2\/product_cat?post=29"},{"taxonomy":"product_tag","embeddable":true,"href":"https:\/\/valyon.ch\/index.php\/wp-json\/wp\/v2\/product_tag?post=29"}],"curies":[{"name":"wp","href":"https:\/\/api.w.org\/{rel}","templated":true}]}}