{"id":170,"date":"2022-06-09T18:00:12","date_gmt":"2022-06-09T16:00:12","guid":{"rendered":"https:\/\/valyon.ch\/?post_type=product&#038;p=170"},"modified":"2025-08-25T00:34:55","modified_gmt":"2025-08-24T22:34:55","slug":"vierkant-schluessel","status":"publish","type":"product","link":"https:\/\/valyon.ch\/index.php\/product\/vierkant-schluessel\/","title":{"rendered":"Vierkant Schl\u00fcssel"},"content":{"rendered":"<p>Standartschl\u00fcssel f\u00fcr Wasserh\u00e4hne<\/p>\n","protected":false},"excerpt":{"rendered":"<p>Standartschl\u00fcssel f\u00fcr Wasserh\u00e4hne<\/p>\n","protected":false},"featured_media":175,"comment_status":"open","ping_status":"closed","template":"","meta":[],"product_cat":[26,25],"product_tag":[35,36,34,37],"class_list":["post-170","product","type-product","status-publish","has-post-thumbnail","hentry","product_cat-alltag","product_cat-haushalt","product_tag-generalschluessel","product_tag-schloss","product_tag-vierkantschluessel","product_tag-wasserschluessel","product_shipping_class-lieferung-als-brief-a-post","thunk-woo-product-list","opn-qv-enable","big-store-woo-hover-","open-single-product-tab-horizontal","open-shadow-","open-shadow-hover-"],"_links":{"self":[{"href":"https:\/\/valyon.ch\/index.php\/wp-json\/wp\/v2\/product\/170","targetHints":{"allow":["GET"]}}],"collection":[{"href":"https:\/\/valyon.ch\/index.php\/wp-json\/wp\/v2\/product"}],"about":[{"href":"https:\/\/valyon.ch\/index.php\/wp-json\/wp\/v2\/types\/product"}],"replies":[{"embeddable":true,"href":"https:\/\/valyon.ch\/index.php\/wp-json\/wp\/v2\/comments?post=170"}],"wp:featuredmedia":[{"embeddable":true,"href":"https:\/\/valyon.ch\/index.php\/wp-json\/wp\/v2\/media\/175"}],"wp:attachment":[{"href":"https:\/\/valyon.ch\/index.php\/wp-json\/wp\/v2\/media?parent=170"}],"wp:term":[{"taxonomy":"product_cat","embeddable":true,"href":"https:\/\/valyon.ch\/index.php\/wp-json\/wp\/v2\/product_cat?post=170"},{"taxonomy":"product_tag","embeddable":true,"href":"https:\/\/valyon.ch\/index.php\/wp-json\/wp\/v2\/product_tag?post=170"}],"curies":[{"name":"wp","href":"https:\/\/api.w.org\/{rel}","templated":true}]}}