{"id":105,"date":"2021-08-10T12:44:52","date_gmt":"2021-08-10T12:44:52","guid":{"rendered":"https:\/\/valyon.ch\/?post_type=product&#038;p=105"},"modified":"2026-04-09T19:14:54","modified_gmt":"2026-04-09T17:14:54","slug":"designer-zahnburstenhalter","status":"publish","type":"product","link":"https:\/\/valyon.ch\/index.php\/product\/designer-zahnburstenhalter\/","title":{"rendered":"Designer Zahnb\u00fcrstenhalter"},"content":{"rendered":"<p>Ein Zahnb\u00fcrstenhalter f\u00fcr zwei Zahnb\u00fcrsten.<\/p>\n","protected":false},"excerpt":{"rendered":"<p>Ein Zahnb\u00fcrstenhalter f\u00fcr zwei Zahnb\u00fcrsten.<\/p>\n","protected":false},"featured_media":113,"comment_status":"open","ping_status":"closed","template":"","meta":[],"product_cat":[25],"product_tag":[],"class_list":["post-105","product","type-product","status-publish","has-post-thumbnail","hentry","product_cat-haushalt","thunk-woo-product-list","opn-qv-enable","big-store-woo-hover-","open-single-product-tab-horizontal","open-shadow-","open-shadow-hover-"],"_links":{"self":[{"href":"https:\/\/valyon.ch\/index.php\/wp-json\/wp\/v2\/product\/105","targetHints":{"allow":["GET"]}}],"collection":[{"href":"https:\/\/valyon.ch\/index.php\/wp-json\/wp\/v2\/product"}],"about":[{"href":"https:\/\/valyon.ch\/index.php\/wp-json\/wp\/v2\/types\/product"}],"replies":[{"embeddable":true,"href":"https:\/\/valyon.ch\/index.php\/wp-json\/wp\/v2\/comments?post=105"}],"wp:featuredmedia":[{"embeddable":true,"href":"https:\/\/valyon.ch\/index.php\/wp-json\/wp\/v2\/media\/113"}],"wp:attachment":[{"href":"https:\/\/valyon.ch\/index.php\/wp-json\/wp\/v2\/media?parent=105"}],"wp:term":[{"taxonomy":"product_cat","embeddable":true,"href":"https:\/\/valyon.ch\/index.php\/wp-json\/wp\/v2\/product_cat?post=105"},{"taxonomy":"product_tag","embeddable":true,"href":"https:\/\/valyon.ch\/index.php\/wp-json\/wp\/v2\/product_tag?post=105"}],"curies":[{"name":"wp","href":"https:\/\/api.w.org\/{rel}","templated":true}]}}