{"id":49,"date":"2021-07-25T13:12:06","date_gmt":"2021-07-25T13:12:06","guid":{"rendered":"https:\/\/valyon.ch\/?page_id=49"},"modified":"2022-07-29T11:44:57","modified_gmt":"2022-07-29T09:44:57","slug":"startseite","status":"publish","type":"page","link":"https:\/\/valyon.ch\/index.php\/startseite\/","title":{"rendered":"\u00fcber uns"},"content":{"rendered":"\n<figure class=\"wp-block-image size-large is-resized\"><img loading=\"lazy\" decoding=\"async\" src=\"https:\/\/valyon.ch\/wp-content\/uploads\/2021\/08\/IMG_20210809_133728-1024x768.jpg\" alt=\"\" class=\"wp-image-80\" width=\"840\" height=\"630\" srcset=\"https:\/\/valyon.ch\/wp-content\/uploads\/2021\/08\/IMG_20210809_133728-1024x768.jpg 1024w, https:\/\/valyon.ch\/wp-content\/uploads\/2021\/08\/IMG_20210809_133728-300x225.jpg 300w, https:\/\/valyon.ch\/wp-content\/uploads\/2021\/08\/IMG_20210809_133728-768x576.jpg 768w, https:\/\/valyon.ch\/wp-content\/uploads\/2021\/08\/IMG_20210809_133728-1536x1152.jpg 1536w, https:\/\/valyon.ch\/wp-content\/uploads\/2021\/08\/IMG_20210809_133728-2048x1536.jpg 2048w, https:\/\/valyon.ch\/wp-content\/uploads\/2021\/08\/IMG_20210809_133728-600x450.jpg 600w\" sizes=\"auto, (max-width: 840px) 100vw, 840px\" \/><\/figure>\n\n\n\n<p class=\"has-huge-font-size\"><strong>Wilkommen<\/strong><\/p>\n\n\n\n<p class=\"has-medium-font-size\">Wir sind ein Startup Unternehmen, welches 3D Objekte verkauft<\/p>\n\n\n\n<p class=\"has-medium-font-size\">Wir haben praktische Alltagsgadgets und Ersatzteile, die sie sonst nirgends finden. Bei herk\u00f6mlichen Anbietern m\u00fcssen Sie einen h\u00f6heren Preis bezahlen, da diese ihre Produkte selber kaufen und verkaufen. Bei uns bekommen sie alles zu einem unvergleichlichen Preis, da wir die Produkte selber herstellen. <\/p>\n\n\n\n<p class=\"has-medium-font-size\"><\/p>\n\n\n\n<p class=\"has-medium-font-size\">M\u00f6chten sie ein Produkt, das es so noch nicht gibt oder nicht so wie Sie es wollen?<\/p>\n\n\n\n<p class=\"has-medium-font-size\">Kein Problem, auf Anfrage designen wir Ihr Produkt noch heute.<\/p>\n","protected":false},"excerpt":{"rendered":"<p>Wilkommen Wir sind ein Startup Unternehmen, welches 3D Objekte verkauft Wir haben praktische Alltagsgadgets und Ersatzteile, die sie sonst nirgends finden. Bei herk\u00f6mlichen Anbietern m\u00fcssen Sie einen h\u00f6heren Preis bezahlen, da diese ihre Produkte selber kaufen und verkaufen. Bei uns bekommen sie alles zu einem unvergleichlichen Preis, da wir die Produkte selber herstellen. M\u00f6chten sie ein Produkt, das es so &hellip;<\/p>\n<p class=\"read-more\"> <a class=\" thunk-readmore button \" href=\"https:\/\/valyon.ch\/index.php\/startseite\/\"> <span class=\"screen-reader-text\">\u00fcber uns<\/span>Read More<\/a><\/p>\n","protected":false},"author":1,"featured_media":0,"parent":0,"menu_order":0,"comment_status":"closed","ping_status":"closed","template":"","meta":{"footnotes":""},"class_list":["post-49","page","type-page","status-publish","hentry","thunk-woo-product-list","opn-qv-enable","big-store-woo-hover-","open-single-product-tab-horizontal","open-shadow-","open-shadow-hover-"],"_links":{"self":[{"href":"https:\/\/valyon.ch\/index.php\/wp-json\/wp\/v2\/pages\/49","targetHints":{"allow":["GET"]}}],"collection":[{"href":"https:\/\/valyon.ch\/index.php\/wp-json\/wp\/v2\/pages"}],"about":[{"href":"https:\/\/valyon.ch\/index.php\/wp-json\/wp\/v2\/types\/page"}],"author":[{"embeddable":true,"href":"https:\/\/valyon.ch\/index.php\/wp-json\/wp\/v2\/users\/1"}],"replies":[{"embeddable":true,"href":"https:\/\/valyon.ch\/index.php\/wp-json\/wp\/v2\/comments?post=49"}],"version-history":[{"count":12,"href":"https:\/\/valyon.ch\/index.php\/wp-json\/wp\/v2\/pages\/49\/revisions"}],"predecessor-version":[{"id":194,"href":"https:\/\/valyon.ch\/index.php\/wp-json\/wp\/v2\/pages\/49\/revisions\/194"}],"wp:attachment":[{"href":"https:\/\/valyon.ch\/index.php\/wp-json\/wp\/v2\/media?parent=49"}],"curies":[{"name":"wp","href":"https:\/\/api.w.org\/{rel}","templated":true}]}}